{"id":7253,"date":"2019-08-26T04:26:47","date_gmt":"2019-08-26T04:26:47","guid":{"rendered":"http:\/\/maenew.fca.uas.edu.mx\/?page_id=7253"},"modified":"2020-05-02T02:40:22","modified_gmt":"2020-05-02T02:40:22","slug":"programa-de-tutorias","status":"publish","type":"page","link":"https:\/\/dae.posgrado.fca.uas.edu.mx\/index.php\/programa-de-tutorias\/","title":{"rendered":"Programa de Tutor\u00edas"},"content":{"rendered":"<p>[vc_section][vc_row][vc_column][vc_column_text]<\/p>\n<h3>Tutor\u00edas<\/h3>\n<p style=\"text-align: justify; font-size: 18px; line-height: 30px;\">El programa contempla un programa de tutor\u00edas, donde el tutor acompa\u00f1a y gu\u00eda en el transcurso de su estancia en el programa al estudiante, para ello se cuenta con un formato para llevar un registro de las actividades y seguimiento de los estudiantes. El procedimiento que seguir en el programa de tutor\u00edas es la programaci\u00f3n de sesiones tutor\/tutorado donde realizar\u00e1n diferentes actividades acad\u00e9micas que permitir\u00e1n llevar un seguimiento del estudiante. La eficacia de las tutor\u00edas se eval\u00faa por medio del porcentaje de permanencia de los estudiantes y la eficiencia terminal. Adem\u00e1s, se cuenta con el expediente personalizado del desempe\u00f1o escolar debidamente actualizado. Al finalizar cada semestre el comit\u00e9 acad\u00e9mico valora el reporte de los avances de cada doctorante el cual ser\u00e1 emitido por su comit\u00e9 tutorial y su tutor de acompa\u00f1amiento. En los casos que se detecten retrasos y\/o insuficiencias, este comit\u00e9 emite un llamado de atenci\u00f3n al tutor para que de forma emergente se realicen las acciones necesarias para mejorar el desempe\u00f1o del estudiante.<\/p>\n<h3>Tutores<\/h3>\n<p style=\"text-align: justify; font-size: 18px; line-height: 30px;\">Es responsabilidad del Programa de Doctorado junto al tutor en desarrollar acciones de tutor\u00eda y asesor\u00eda para coadyuvar en el aseguramiento de la calidad y eficiencia terminal en los estudios, con en base en un comportamiento \u00e9tico, humano, equitativo y profesional en su interacci\u00f3n con los y las estudiantes. En la designaci\u00f3n del cuerpo de tutores participan los profesores del N\u00facleo Acad\u00e9mico B\u00e1sico, quienes en una primera estancia hacen el acompa\u00f1amiento en el ingreso de los doctorantes, para posteriormente y con base en el trabajo de desarrollo de tesis, mantienen con los estudiantes el trabajo de direcci\u00f3n, por lo tanto, la participaci\u00f3n de los miembros del NAB en la eficiencia terminal es primordial, objetivo que se ha logrado en base al indicador que mantiene el programa.<\/p>\n<p style=\"text-align: justify; font-size: 18px; line-height: 30px;\">En la tabla siguiente se muestran los estudiantes con su director de tesis y tutor.<\/p>\n<p>[\/vc_column_text][vc_raw_html]JTVCdGFibGUlMjBpZCUzRDE3JTIwJTJGJTVE[\/vc_raw_html][\/vc_column][\/vc_row][\/vc_section]<\/p>\n","protected":false},"excerpt":{"rendered":"<p>[vc_section][vc_row][vc_column][vc_column_text] Tutor\u00edas El programa contempla un programa de tutor\u00edas, donde el tutor acompa\u00f1a y gu\u00eda en el transcurso de su&#8230;<\/p>\n","protected":false},"author":2,"featured_media":0,"parent":0,"menu_order":0,"comment_status":"closed","ping_status":"closed","template":"","meta":[],"_links":{"self":[{"href":"https:\/\/dae.posgrado.fca.uas.edu.mx\/index.php\/wp-json\/wp\/v2\/pages\/7253"}],"collection":[{"href":"https:\/\/dae.posgrado.fca.uas.edu.mx\/index.php\/wp-json\/wp\/v2\/pages"}],"about":[{"href":"https:\/\/dae.posgrado.fca.uas.edu.mx\/index.php\/wp-json\/wp\/v2\/types\/page"}],"author":[{"embeddable":true,"href":"https:\/\/dae.posgrado.fca.uas.edu.mx\/index.php\/wp-json\/wp\/v2\/users\/2"}],"replies":[{"embeddable":true,"href":"https:\/\/dae.posgrado.fca.uas.edu.mx\/index.php\/wp-json\/wp\/v2\/comments?post=7253"}],"version-history":[{"count":4,"href":"https:\/\/dae.posgrado.fca.uas.edu.mx\/index.php\/wp-json\/wp\/v2\/pages\/7253\/revisions"}],"predecessor-version":[{"id":7999,"href":"https:\/\/dae.posgrado.fca.uas.edu.mx\/index.php\/wp-json\/wp\/v2\/pages\/7253\/revisions\/7999"}],"wp:attachment":[{"href":"https:\/\/dae.posgrado.fca.uas.edu.mx\/index.php\/wp-json\/wp\/v2\/media?parent=7253"}],"curies":[{"name":"wp","href":"https:\/\/api.w.org\/{rel}","templated":true}]}}